{"id":28,"date":"2026-01-09T14:24:27","date_gmt":"2026-01-09T14:24:27","guid":{"rendered":"https:\/\/best-coffee-shop-munich.de\/?page_id=28"},"modified":"2026-01-09T14:24:27","modified_gmt":"2026-01-09T14:24:27","slug":"impressum-2","status":"publish","type":"page","link":"https:\/\/best-coffee-shop-munich.de\/en\/impressum-2\/","title":{"rendered":"Impressum"},"content":{"rendered":"<div class=\"wp-block-group alignfull is-style-ext-preset--group--natural-1--section has-background-background-color has-background has-global-padding is-layout-constrained wp-container-core-group-is-layout-6150fac0 wp-block-group-is-layout-constrained\" style=\"margin-top:0;margin-bottom:0;padding-top:var(--wp--preset--spacing--70);padding-bottom:var(--wp--preset--spacing--70)\">\n<p>Bayers Boardinghouse &amp;&nbsp;<em>Hotel<\/em><\/p>\n\n\n\n<h3 class=\"wp-block-heading\">&#8211;<em>&nbsp;IMPRESSUM &#8211;<\/em><\/h3>\n\n\n\n<h3 class=\"wp-block-heading\">Bayers Boardinghouse &amp; Hotel GmbH<br>Schwanthalerstra\u00dfe 45<br>80336 M\u00fcnchen<br>Deutschland<\/h3>\n\n\n\n<p>Tel.: +4989 54809450<br>E-Mail: info@bayers-boardinghouse.de<\/p>\n\n\n\n<p>Registergericht: Amtsgericht M\u00fcnchen<br>Registernummer: HRB 211677<\/p>\n\n\n\n<p>Gesch\u00e4ftsf\u00fchrer: Celal Boztepe, Turan Boztepe<\/p>\n\n\n\n<p>Plattform der EU-Kommission zur Online-Streitbeilegung:&nbsp;<a href=\"https:\/\/ec.europa.eu\/odr\" target=\"_blank\" rel=\"noreferrer noopener\">https:\/\/ec.europa.eu\/odr<\/a><\/p>\n\n\n\n<p>Wir sind zur Teilnahme an einem Streitbeilegungsverfahren vor einer Verbraucherschlichtungsstelle weder verpflichtet noch bereit.<\/p>\n<\/div>","protected":false},"excerpt":{"rendered":"<p>Bayers Boardinghouse &amp;&nbsp;Hotel &#8211;&nbsp;IMPRESSUM &#8211; Bayers Boardinghouse &amp; Hotel GmbHSchwanthalerstra\u00dfe 4580336 M\u00fcnchenDeutschland Tel.: +4989 54809450E-Mail: info@bayers-boardinghouse.de Registergericht: Amtsgericht M\u00fcnchenRegisternummer: HRB 211677 Gesch\u00e4ftsf\u00fchrer: Celal Boztepe, Turan Boztepe Plattform der EU-Kommission zur Online-Streitbeilegung:&nbsp;https:\/\/ec.europa.eu\/odr Wir sind zur Teilnahme an einem Streitbeilegungsverfahren vor einer Verbraucherschlichtungsstelle weder verpflichtet noch bereit.<\/p>","protected":false},"author":1,"featured_media":0,"parent":0,"menu_order":0,"comment_status":"closed","ping_status":"closed","template":"page-with-title","meta":{"footnotes":""},"class_list":["post-28","page","type-page","status-publish","hentry"],"aioseo_notices":[],"_links":{"self":[{"href":"https:\/\/best-coffee-shop-munich.de\/en\/wp-json\/wp\/v2\/pages\/28","targetHints":{"allow":["GET"]}}],"collection":[{"href":"https:\/\/best-coffee-shop-munich.de\/en\/wp-json\/wp\/v2\/pages"}],"about":[{"href":"https:\/\/best-coffee-shop-munich.de\/en\/wp-json\/wp\/v2\/types\/page"}],"author":[{"embeddable":true,"href":"https:\/\/best-coffee-shop-munich.de\/en\/wp-json\/wp\/v2\/users\/1"}],"replies":[{"embeddable":true,"href":"https:\/\/best-coffee-shop-munich.de\/en\/wp-json\/wp\/v2\/comments?post=28"}],"version-history":[{"count":1,"href":"https:\/\/best-coffee-shop-munich.de\/en\/wp-json\/wp\/v2\/pages\/28\/revisions"}],"predecessor-version":[{"id":30,"href":"https:\/\/best-coffee-shop-munich.de\/en\/wp-json\/wp\/v2\/pages\/28\/revisions\/30"}],"wp:attachment":[{"href":"https:\/\/best-coffee-shop-munich.de\/en\/wp-json\/wp\/v2\/media?parent=28"}],"curies":[{"name":"wp","href":"https:\/\/api.w.org\/{rel}","templated":true}]}}