{"id":19,"date":"2026-01-09T14:19:47","date_gmt":"2026-01-09T14:19:47","guid":{"rendered":"https:\/\/best-coffee-shop-munich.de\/start\/"},"modified":"2026-01-09T14:44:36","modified_gmt":"2026-01-09T14:44:36","slug":"start","status":"publish","type":"page","link":"https:\/\/best-coffee-shop-munich.de\/en\/","title":{"rendered":"Start"},"content":{"rendered":"<div class=\"wp-block-group alignfull is-style-ext-preset--group--natural-1--section has-background-background-color has-background has-global-padding is-layout-constrained wp-container-core-group-is-layout-e96f6837 wp-block-group-is-layout-constrained\" style=\"margin-top:0;margin-bottom:0;padding-top:0;padding-right:0;padding-bottom:0;padding-left:0\">\n<div class=\"wp-block-cover alignfull is-style-ext-preset--cover--natural-1--cover-overlay-1 is-style-ext-preset--cover--natural-1--cover-overlay-1--2\" style=\"padding-top:var(--wp--preset--spacing--70);padding-right:var(--wp--preset--spacing--30);padding-bottom:var(--wp--preset--spacing--70);padding-left:var(--wp--preset--spacing--30);min-height:60vh;aspect-ratio:unset;\"><img loading=\"lazy\" decoding=\"async\" width=\"960\" height=\"1440\" class=\"wp-block-cover__image-background wp-image-35\" alt=\"\" src=\"https:\/\/best-coffee-shop-munich.de\/wp-content\/uploads\/2026\/01\/3903667ef1e1d46246ba21966a7103b799df5b54.jpg\" data-object-fit=\"cover\" srcset=\"https:\/\/best-coffee-shop-munich.de\/wp-content\/uploads\/2026\/01\/3903667ef1e1d46246ba21966a7103b799df5b54.jpg 960w, https:\/\/best-coffee-shop-munich.de\/wp-content\/uploads\/2026\/01\/3903667ef1e1d46246ba21966a7103b799df5b54-200x300.jpg 200w, https:\/\/best-coffee-shop-munich.de\/wp-content\/uploads\/2026\/01\/3903667ef1e1d46246ba21966a7103b799df5b54-683x1024.jpg 683w, https:\/\/best-coffee-shop-munich.de\/wp-content\/uploads\/2026\/01\/3903667ef1e1d46246ba21966a7103b799df5b54-768x1152.jpg 768w, https:\/\/best-coffee-shop-munich.de\/wp-content\/uploads\/2026\/01\/3903667ef1e1d46246ba21966a7103b799df5b54-8x12.jpg 8w\" sizes=\"auto, (max-width: 960px) 100vw, 960px\" \/><span aria-hidden=\"true\" class=\"wp-block-cover__background has-background-dim-80 has-background-dim\" style=\"background-color:#010101\"><\/span><div class=\"wp-block-cover__inner-container has-global-padding is-layout-constrained wp-container-core-cover-is-layout-5cffc2c1 wp-block-cover-is-layout-constrained\">\n<div class=\"wp-block-group alignwide is-vertical is-layout-flex wp-container-core-group-is-layout-c35747d5 wp-block-group-is-layout-flex\">\n<div class=\"wp-block-group has-global-padding is-layout-constrained wp-container-core-group-is-layout-2287c683 wp-block-group-is-layout-constrained\">\n<h1 class=\"wp-block-heading has-text-align-left has-text-color has-link-color wp-elements-36266b7e013e8e8ea29031fd58b883b5\" style=\"color:#fefefe\">Enjoy coffee right at Munich Central Station<\/h1>\n\n\n\n<p class=\"has-text-align-left has-text-color has-link-color wp-elements-11b05e6e213118c426a0a99dc7355173\" style=\"color:#fefefe\">Our caf\u00e9 offers a variety of delicious coffee options and an atmosphere where you can feel right at home. Visit us and experience the perfect combination of enjoyment and comfort.<\/p>\n<\/div>\n\n\n\n<div class=\"wp-block-buttons is-layout-flex wp-block-buttons-is-layout-flex\">\n<div class=\"wp-block-button is-style-ext-preset--button--natural-1--button-1 is-style-ext-preset--button--natural-1--button-1--3\"><a class=\"wp-block-button__link has-text-color has-background has-link-color wp-element-button\" href=\"https:\/\/www.google.com\/maps\/dir\/48.1372881,11.5585731\/Daily+Coffee,+Schwanthalerstra\u00dfe+45,+80336+M\u00fcnchen\/@48.1372927,11.5559121,17z\/data=!3m1!4b1!4m10!4m9!1m1!4e1!1m5!1m1!1s0x479e75453c677815:0x7c9965e94e6437c0!2m2!1d11.5585043!2d48.1372278!3e3?entry=ttu&amp;g_ep=EgoyMDI2MDEwNy4wIKXMDSoKLDEwMDc5MjA2N0gBUAM%3D\" style=\"color:#060606;background-color:#fefefe\">Route<\/a><\/div>\n<\/div>\n<\/div>\n<\/div><\/div>\n<\/div>\n\n\n\n<div class=\"wp-block-group alignfull is-style-ext-preset--group--natural-1--section has-tertiary-background-color has-background has-global-padding is-layout-constrained wp-block-group-is-layout-constrained\" id=\"ueber-uns\" style=\"margin-top:0;margin-bottom:0;padding-top:var(--wp--preset--spacing--70);padding-bottom:var(--wp--preset--spacing--70)\">\n<div class=\"wp-block-columns alignwide are-vertically-aligned-center is-layout-flex wp-container-core-columns-is-layout-174606dc wp-block-columns-is-layout-flex\">\n<div class=\"wp-block-column is-vertically-aligned-center is-layout-flow wp-block-column-is-layout-flow\">\n<div class=\"wp-block-group alignwide is-vertical is-layout-flex wp-container-core-group-is-layout-c35747d5 wp-block-group-is-layout-flex\">\n<div class=\"wp-block-group has-global-padding is-layout-constrained wp-container-core-group-is-layout-dd32767c wp-block-group-is-layout-constrained\">\n<h2 class=\"wp-block-heading\">A wide variety of coffee creations that will delight you<\/h2>\n\n\n\n<p>Daily Coffee stands for first-class enjoyment and a warm atmosphere at Munich Central Station. Our goal is to make every visit a special experience.<\/p>\n<\/div>\n\n\n\n<p><\/p>\n<\/div>\n<\/div>\n\n\n\n<div class=\"wp-block-column is-vertically-aligned-center is-layout-flow wp-block-column-is-layout-flow\">\n<figure class=\"wp-block-image is-style-ext-preset--image--natural-1--image-1--content-left is-style-ext-preset--image--natural-1--image-1--content-left--5\"><img loading=\"lazy\" decoding=\"async\" width=\"1440\" height=\"1098\" src=\"https:\/\/best-coffee-shop-munich.de\/wp-content\/uploads\/2026\/01\/654fb26c2f0e4edd7d7d2b2f2b1baa8b24d0791b.jpg\" alt=\"\" class=\"wp-image-54\" style=\"aspect-ratio:1;object-fit:cover\" srcset=\"https:\/\/best-coffee-shop-munich.de\/wp-content\/uploads\/2026\/01\/654fb26c2f0e4edd7d7d2b2f2b1baa8b24d0791b.jpg 1440w, https:\/\/best-coffee-shop-munich.de\/wp-content\/uploads\/2026\/01\/654fb26c2f0e4edd7d7d2b2f2b1baa8b24d0791b-300x229.jpg 300w, https:\/\/best-coffee-shop-munich.de\/wp-content\/uploads\/2026\/01\/654fb26c2f0e4edd7d7d2b2f2b1baa8b24d0791b-1024x781.jpg 1024w, https:\/\/best-coffee-shop-munich.de\/wp-content\/uploads\/2026\/01\/654fb26c2f0e4edd7d7d2b2f2b1baa8b24d0791b-768x586.jpg 768w, https:\/\/best-coffee-shop-munich.de\/wp-content\/uploads\/2026\/01\/654fb26c2f0e4edd7d7d2b2f2b1baa8b24d0791b-16x12.jpg 16w\" sizes=\"auto, (max-width: 1440px) 100vw, 1440px\" \/><\/figure>\n<\/div>\n<\/div>\n<\/div>\n\n\n\n<div class=\"wp-block-group alignfull is-style-ext-preset--group--natural-1--section has-background-background-color has-background has-global-padding is-layout-constrained wp-container-core-group-is-layout-e955bbaf wp-block-group-is-layout-constrained\" id=\"dienstleistungen\" style=\"margin-top:0;margin-bottom:0;padding-top:var(--wp--preset--spacing--70);padding-bottom:var(--wp--preset--spacing--70)\">\n<div class=\"wp-block-group alignwide is-vertical is-layout-flex wp-container-core-group-is-layout-c35747d5 wp-block-group-is-layout-flex\">\n<div class=\"wp-block-group has-global-padding is-layout-constrained wp-container-core-group-is-layout-5e05634a wp-block-group-is-layout-constrained\">\n<h2 class=\"wp-block-heading\">Enjoy the best coffee every day at the main station<\/h2>\n\n\n\n<p class=\"has-text-align-left\">Experience delicious coffee varieties and a warm, inviting atmosphere<\/p>\n<\/div>\n<\/div>\n\n\n\n<div class=\"wp-block-columns alignwide is-layout-flex wp-container-core-columns-is-layout-08c01c1c wp-block-columns-is-layout-flex\">\n<div class=\"wp-block-column is-layout-flow wp-block-column-is-layout-flow\">\n<div class=\"wp-block-group is-style-ext-preset--group--natural-1--item-card-1--align-start has-global-padding is-layout-constrained wp-block-group-is-layout-constrained is-style-ext-preset--group--natural-1--item-card-1--align-start--7\">\n<figure class=\"wp-block-image\"><img loading=\"lazy\" decoding=\"async\" width=\"1440\" height=\"1098\" src=\"https:\/\/best-coffee-shop-munich.de\/wp-content\/uploads\/2026\/01\/654fb26c2f0e4edd7d7d2b2f2b1baa8b24d0791b.jpg\" alt=\"\" class=\"wp-image-54\" style=\"aspect-ratio:4\/3;object-fit:cover\" srcset=\"https:\/\/best-coffee-shop-munich.de\/wp-content\/uploads\/2026\/01\/654fb26c2f0e4edd7d7d2b2f2b1baa8b24d0791b.jpg 1440w, https:\/\/best-coffee-shop-munich.de\/wp-content\/uploads\/2026\/01\/654fb26c2f0e4edd7d7d2b2f2b1baa8b24d0791b-300x229.jpg 300w, https:\/\/best-coffee-shop-munich.de\/wp-content\/uploads\/2026\/01\/654fb26c2f0e4edd7d7d2b2f2b1baa8b24d0791b-1024x781.jpg 1024w, https:\/\/best-coffee-shop-munich.de\/wp-content\/uploads\/2026\/01\/654fb26c2f0e4edd7d7d2b2f2b1baa8b24d0791b-768x586.jpg 768w, https:\/\/best-coffee-shop-munich.de\/wp-content\/uploads\/2026\/01\/654fb26c2f0e4edd7d7d2b2f2b1baa8b24d0791b-16x12.jpg 16w\" sizes=\"auto, (max-width: 1440px) 100vw, 1440px\" \/><\/figure>\n\n\n\n<div class=\"wp-block-group is-style-default has-global-padding is-layout-constrained wp-block-group-is-layout-constrained\">\n<h3 class=\"wp-block-heading\">A wide range of coffee specialties<\/h3>\n\n\n\n<p>Our coffees are freshly prepared with love.<\/p>\n<\/div>\n<\/div>\n<\/div>\n\n\n\n<div class=\"wp-block-column is-layout-flow wp-block-column-is-layout-flow\">\n<div class=\"wp-block-group is-style-ext-preset--group--natural-1--item-card-1--align-start has-global-padding is-layout-constrained wp-block-group-is-layout-constrained is-style-ext-preset--group--natural-1--item-card-1--align-start--8\">\n<figure class=\"wp-block-image\"><img loading=\"lazy\" decoding=\"async\" width=\"1440\" height=\"960\" src=\"https:\/\/best-coffee-shop-munich.de\/wp-content\/uploads\/2026\/01\/f61099831cd546e10972a947e245994ef34527ef.jpg\" alt=\"\" class=\"wp-image-40\" style=\"aspect-ratio:4\/3;object-fit:cover\" srcset=\"https:\/\/best-coffee-shop-munich.de\/wp-content\/uploads\/2026\/01\/f61099831cd546e10972a947e245994ef34527ef.jpg 1440w, https:\/\/best-coffee-shop-munich.de\/wp-content\/uploads\/2026\/01\/f61099831cd546e10972a947e245994ef34527ef-300x200.jpg 300w, https:\/\/best-coffee-shop-munich.de\/wp-content\/uploads\/2026\/01\/f61099831cd546e10972a947e245994ef34527ef-1024x683.jpg 1024w, https:\/\/best-coffee-shop-munich.de\/wp-content\/uploads\/2026\/01\/f61099831cd546e10972a947e245994ef34527ef-768x512.jpg 768w, https:\/\/best-coffee-shop-munich.de\/wp-content\/uploads\/2026\/01\/f61099831cd546e10972a947e245994ef34527ef-18x12.jpg 18w\" sizes=\"auto, (max-width: 1440px) 100vw, 1440px\" \/><\/figure>\n\n\n\n<div class=\"wp-block-group is-style-default has-global-padding is-layout-constrained wp-block-group-is-layout-constrained\">\n<h3 class=\"wp-block-heading\">Fresh baked goods<\/h3>\n\n\n\n<p>Freshly baked every day for perfect enjoyment<\/p>\n<\/div>\n<\/div>\n<\/div>\n\n\n\n<div class=\"wp-block-column is-layout-flow wp-block-column-is-layout-flow\">\n<div class=\"wp-block-group is-style-ext-preset--group--natural-1--item-card-1--align-start has-global-padding is-layout-constrained wp-block-group-is-layout-constrained is-style-ext-preset--group--natural-1--item-card-1--align-start--9\">\n<figure class=\"wp-block-image\"><img loading=\"lazy\" decoding=\"async\" width=\"960\" height=\"1440\" src=\"https:\/\/best-coffee-shop-munich.de\/wp-content\/uploads\/2026\/01\/fc15f394793286ce05cb552c06092f3dddd5b4d0.jpg\" alt=\"\" class=\"wp-image-45\" style=\"aspect-ratio:4\/3;object-fit:cover\" srcset=\"https:\/\/best-coffee-shop-munich.de\/wp-content\/uploads\/2026\/01\/fc15f394793286ce05cb552c06092f3dddd5b4d0.jpg 960w, https:\/\/best-coffee-shop-munich.de\/wp-content\/uploads\/2026\/01\/fc15f394793286ce05cb552c06092f3dddd5b4d0-200x300.jpg 200w, https:\/\/best-coffee-shop-munich.de\/wp-content\/uploads\/2026\/01\/fc15f394793286ce05cb552c06092f3dddd5b4d0-683x1024.jpg 683w, https:\/\/best-coffee-shop-munich.de\/wp-content\/uploads\/2026\/01\/fc15f394793286ce05cb552c06092f3dddd5b4d0-768x1152.jpg 768w, https:\/\/best-coffee-shop-munich.de\/wp-content\/uploads\/2026\/01\/fc15f394793286ce05cb552c06092f3dddd5b4d0-8x12.jpg 8w\" sizes=\"auto, (max-width: 960px) 100vw, 960px\" \/><\/figure>\n\n\n\n<div class=\"wp-block-group is-style-default has-global-padding is-layout-constrained wp-block-group-is-layout-constrained\">\n<h3 class=\"wp-block-heading\">Cozy meeting place<\/h3>\n\n\n\n<p>Inviting atmosphere to linger and feel good<\/p>\n<\/div>\n<\/div>\n<\/div>\n<\/div>\n<\/div>\n\n\n\n<div class=\"wp-block-group alignfull is-style-ext-preset--group--natural-1--section has-tertiary-background-color has-background has-global-padding is-layout-constrained wp-container-core-group-is-layout-f72f1611 wp-block-group-is-layout-constrained\" id=\"galerie\" style=\"margin-top:0;margin-bottom:0;padding-top:var(--wp--preset--spacing--70);padding-bottom:var(--wp--preset--spacing--70)\">\n<div class=\"wp-block-group alignwide is-vertical is-layout-flex wp-container-core-group-is-layout-c35747d5 wp-block-group-is-layout-flex\">\n<div class=\"wp-block-group has-global-padding is-layout-constrained wp-container-core-group-is-layout-5e05634a wp-block-group-is-layout-constrained\">\n<h2 class=\"wp-block-heading\">Enjoy coffee with a view of the main train station<\/h2>\n\n\n\n<p class=\"has-text-align-left\">Discover the atmosphere of our caf\u00e9 through atmospheric photos.<\/p>\n<\/div>\n<\/div>\n\n\n\n<div class=\"wp-block-columns alignwide are-vertically-aligned-top is-layout-flex wp-container-core-columns-is-layout-87beb0d0 wp-block-columns-is-layout-flex\">\n<div class=\"wp-block-column is-vertically-aligned-top is-layout-flow wp-container-core-column-is-layout-f5bb311e wp-block-column-is-layout-flow\">\n<figure class=\"wp-block-image is-style-ext-preset--image--natural-1--image-1--content-top is-style-ext-preset--image--natural-1--image-1--content-top--11\"><img loading=\"lazy\" decoding=\"async\" width=\"960\" height=\"1440\" src=\"https:\/\/best-coffee-shop-munich.de\/wp-content\/uploads\/2026\/01\/7f7efb3d9284a2f3a4961c4f1b7783403d21a4e2.jpg\" alt=\"\" class=\"wp-image-38\" style=\"aspect-ratio:1;object-fit:cover\" srcset=\"https:\/\/best-coffee-shop-munich.de\/wp-content\/uploads\/2026\/01\/7f7efb3d9284a2f3a4961c4f1b7783403d21a4e2.jpg 960w, https:\/\/best-coffee-shop-munich.de\/wp-content\/uploads\/2026\/01\/7f7efb3d9284a2f3a4961c4f1b7783403d21a4e2-200x300.jpg 200w, https:\/\/best-coffee-shop-munich.de\/wp-content\/uploads\/2026\/01\/7f7efb3d9284a2f3a4961c4f1b7783403d21a4e2-683x1024.jpg 683w, https:\/\/best-coffee-shop-munich.de\/wp-content\/uploads\/2026\/01\/7f7efb3d9284a2f3a4961c4f1b7783403d21a4e2-768x1152.jpg 768w, https:\/\/best-coffee-shop-munich.de\/wp-content\/uploads\/2026\/01\/7f7efb3d9284a2f3a4961c4f1b7783403d21a4e2-8x12.jpg 8w\" sizes=\"auto, (max-width: 960px) 100vw, 960px\" \/><\/figure>\n\n\n\n<figure class=\"wp-block-image is-style-ext-preset--image--natural-1--image-1--content-top is-style-ext-preset--image--natural-1--image-1--content-top--12\"><img loading=\"lazy\" decoding=\"async\" width=\"1440\" height=\"1098\" src=\"https:\/\/best-coffee-shop-munich.de\/wp-content\/uploads\/2026\/01\/654fb26c2f0e4edd7d7d2b2f2b1baa8b24d0791b.jpg\" alt=\"\" class=\"wp-image-54\" style=\"aspect-ratio:1;object-fit:cover\" srcset=\"https:\/\/best-coffee-shop-munich.de\/wp-content\/uploads\/2026\/01\/654fb26c2f0e4edd7d7d2b2f2b1baa8b24d0791b.jpg 1440w, https:\/\/best-coffee-shop-munich.de\/wp-content\/uploads\/2026\/01\/654fb26c2f0e4edd7d7d2b2f2b1baa8b24d0791b-300x229.jpg 300w, https:\/\/best-coffee-shop-munich.de\/wp-content\/uploads\/2026\/01\/654fb26c2f0e4edd7d7d2b2f2b1baa8b24d0791b-1024x781.jpg 1024w, https:\/\/best-coffee-shop-munich.de\/wp-content\/uploads\/2026\/01\/654fb26c2f0e4edd7d7d2b2f2b1baa8b24d0791b-768x586.jpg 768w, https:\/\/best-coffee-shop-munich.de\/wp-content\/uploads\/2026\/01\/654fb26c2f0e4edd7d7d2b2f2b1baa8b24d0791b-16x12.jpg 16w\" sizes=\"auto, (max-width: 1440px) 100vw, 1440px\" \/><\/figure>\n<\/div>\n\n\n\n<div class=\"wp-block-column is-vertically-aligned-top is-layout-flow wp-container-core-column-is-layout-f5bb311e wp-block-column-is-layout-flow\">\n<figure class=\"wp-block-image is-style-ext-preset--image--natural-1--image-1--content-top is-style-ext-preset--image--natural-1--image-1--content-top--13\"><img loading=\"lazy\" decoding=\"async\" width=\"1440\" height=\"960\" src=\"https:\/\/best-coffee-shop-munich.de\/wp-content\/uploads\/2026\/01\/f61099831cd546e10972a947e245994ef34527ef.jpg\" alt=\"\" class=\"wp-image-40\" style=\"aspect-ratio:1;object-fit:cover\" srcset=\"https:\/\/best-coffee-shop-munich.de\/wp-content\/uploads\/2026\/01\/f61099831cd546e10972a947e245994ef34527ef.jpg 1440w, https:\/\/best-coffee-shop-munich.de\/wp-content\/uploads\/2026\/01\/f61099831cd546e10972a947e245994ef34527ef-300x200.jpg 300w, https:\/\/best-coffee-shop-munich.de\/wp-content\/uploads\/2026\/01\/f61099831cd546e10972a947e245994ef34527ef-1024x683.jpg 1024w, https:\/\/best-coffee-shop-munich.de\/wp-content\/uploads\/2026\/01\/f61099831cd546e10972a947e245994ef34527ef-768x512.jpg 768w, https:\/\/best-coffee-shop-munich.de\/wp-content\/uploads\/2026\/01\/f61099831cd546e10972a947e245994ef34527ef-18x12.jpg 18w\" sizes=\"auto, (max-width: 1440px) 100vw, 1440px\" \/><\/figure>\n\n\n\n<figure class=\"wp-block-image is-style-ext-preset--image--natural-1--image-1--content-top is-style-ext-preset--image--natural-1--image-1--content-top--14\"><img loading=\"lazy\" decoding=\"async\" width=\"1440\" height=\"960\" src=\"https:\/\/best-coffee-shop-munich.de\/wp-content\/uploads\/2026\/01\/d2a5fda76f9e1c042fa2dfdef60c68fd54498c1f.jpg\" alt=\"\" class=\"wp-image-55\" style=\"aspect-ratio:1;object-fit:cover\" srcset=\"https:\/\/best-coffee-shop-munich.de\/wp-content\/uploads\/2026\/01\/d2a5fda76f9e1c042fa2dfdef60c68fd54498c1f.jpg 1440w, https:\/\/best-coffee-shop-munich.de\/wp-content\/uploads\/2026\/01\/d2a5fda76f9e1c042fa2dfdef60c68fd54498c1f-300x200.jpg 300w, https:\/\/best-coffee-shop-munich.de\/wp-content\/uploads\/2026\/01\/d2a5fda76f9e1c042fa2dfdef60c68fd54498c1f-1024x683.jpg 1024w, https:\/\/best-coffee-shop-munich.de\/wp-content\/uploads\/2026\/01\/d2a5fda76f9e1c042fa2dfdef60c68fd54498c1f-768x512.jpg 768w, https:\/\/best-coffee-shop-munich.de\/wp-content\/uploads\/2026\/01\/d2a5fda76f9e1c042fa2dfdef60c68fd54498c1f-18x12.jpg 18w\" sizes=\"auto, (max-width: 1440px) 100vw, 1440px\" \/><\/figure>\n<\/div>\n\n\n\n<div class=\"wp-block-column is-vertically-aligned-top is-layout-flow wp-container-core-column-is-layout-f5bb311e wp-block-column-is-layout-flow\">\n<figure class=\"wp-block-image is-style-ext-preset--image--natural-1--image-1--content-top is-style-ext-preset--image--natural-1--image-1--content-top--15\"><img loading=\"lazy\" decoding=\"async\" width=\"960\" height=\"1440\" src=\"https:\/\/best-coffee-shop-munich.de\/wp-content\/uploads\/2026\/01\/fc15f394793286ce05cb552c06092f3dddd5b4d0.jpg\" alt=\"\" class=\"wp-image-45\" style=\"aspect-ratio:1;object-fit:cover\" srcset=\"https:\/\/best-coffee-shop-munich.de\/wp-content\/uploads\/2026\/01\/fc15f394793286ce05cb552c06092f3dddd5b4d0.jpg 960w, https:\/\/best-coffee-shop-munich.de\/wp-content\/uploads\/2026\/01\/fc15f394793286ce05cb552c06092f3dddd5b4d0-200x300.jpg 200w, https:\/\/best-coffee-shop-munich.de\/wp-content\/uploads\/2026\/01\/fc15f394793286ce05cb552c06092f3dddd5b4d0-683x1024.jpg 683w, https:\/\/best-coffee-shop-munich.de\/wp-content\/uploads\/2026\/01\/fc15f394793286ce05cb552c06092f3dddd5b4d0-768x1152.jpg 768w, https:\/\/best-coffee-shop-munich.de\/wp-content\/uploads\/2026\/01\/fc15f394793286ce05cb552c06092f3dddd5b4d0-8x12.jpg 8w\" sizes=\"auto, (max-width: 960px) 100vw, 960px\" \/><\/figure>\n\n\n\n<figure class=\"wp-block-image is-style-ext-preset--image--natural-1--image-1--content-top is-style-ext-preset--image--natural-1--image-1--content-top--16\"><img loading=\"lazy\" decoding=\"async\" width=\"1440\" height=\"1098\" src=\"https:\/\/best-coffee-shop-munich.de\/wp-content\/uploads\/2026\/01\/7bba6b4ba801e60605bb69707bfd261ae322d5ef.jpg\" alt=\"\" class=\"wp-image-37\" style=\"aspect-ratio:1;object-fit:cover\" srcset=\"https:\/\/best-coffee-shop-munich.de\/wp-content\/uploads\/2026\/01\/7bba6b4ba801e60605bb69707bfd261ae322d5ef.jpg 1440w, https:\/\/best-coffee-shop-munich.de\/wp-content\/uploads\/2026\/01\/7bba6b4ba801e60605bb69707bfd261ae322d5ef-300x229.jpg 300w, https:\/\/best-coffee-shop-munich.de\/wp-content\/uploads\/2026\/01\/7bba6b4ba801e60605bb69707bfd261ae322d5ef-1024x781.jpg 1024w, https:\/\/best-coffee-shop-munich.de\/wp-content\/uploads\/2026\/01\/7bba6b4ba801e60605bb69707bfd261ae322d5ef-768x586.jpg 768w, https:\/\/best-coffee-shop-munich.de\/wp-content\/uploads\/2026\/01\/7bba6b4ba801e60605bb69707bfd261ae322d5ef-16x12.jpg 16w\" sizes=\"auto, (max-width: 1440px) 100vw, 1440px\" \/><\/figure>\n<\/div>\n\n\n\n<div class=\"wp-block-column is-vertically-aligned-top is-layout-flow wp-container-core-column-is-layout-f5bb311e wp-block-column-is-layout-flow\">\n<figure class=\"wp-block-image is-style-ext-preset--image--natural-1--image-1--content-top is-style-ext-preset--image--natural-1--image-1--content-top--17\"><img loading=\"lazy\" decoding=\"async\" width=\"960\" height=\"1440\" src=\"https:\/\/best-coffee-shop-munich.de\/wp-content\/uploads\/2026\/01\/2dc22e1be82bb27d95e5319c02486697a1be76e3.jpg\" alt=\"\" class=\"wp-image-56\" style=\"aspect-ratio:1;object-fit:cover\" srcset=\"https:\/\/best-coffee-shop-munich.de\/wp-content\/uploads\/2026\/01\/2dc22e1be82bb27d95e5319c02486697a1be76e3.jpg 960w, https:\/\/best-coffee-shop-munich.de\/wp-content\/uploads\/2026\/01\/2dc22e1be82bb27d95e5319c02486697a1be76e3-200x300.jpg 200w, https:\/\/best-coffee-shop-munich.de\/wp-content\/uploads\/2026\/01\/2dc22e1be82bb27d95e5319c02486697a1be76e3-683x1024.jpg 683w, https:\/\/best-coffee-shop-munich.de\/wp-content\/uploads\/2026\/01\/2dc22e1be82bb27d95e5319c02486697a1be76e3-768x1152.jpg 768w, https:\/\/best-coffee-shop-munich.de\/wp-content\/uploads\/2026\/01\/2dc22e1be82bb27d95e5319c02486697a1be76e3-8x12.jpg 8w\" sizes=\"auto, (max-width: 960px) 100vw, 960px\" \/><\/figure>\n\n\n\n<figure class=\"wp-block-image is-style-ext-preset--image--natural-1--image-1--content-top is-style-ext-preset--image--natural-1--image-1--content-top--18\"><img loading=\"lazy\" decoding=\"async\" width=\"960\" height=\"1440\" src=\"https:\/\/best-coffee-shop-munich.de\/wp-content\/uploads\/2026\/01\/854b2487c9102be4631eb3aef24e3e92be9dea9d.jpg\" alt=\"\" class=\"wp-image-33\" style=\"aspect-ratio:1;object-fit:cover\" srcset=\"https:\/\/best-coffee-shop-munich.de\/wp-content\/uploads\/2026\/01\/854b2487c9102be4631eb3aef24e3e92be9dea9d.jpg 960w, https:\/\/best-coffee-shop-munich.de\/wp-content\/uploads\/2026\/01\/854b2487c9102be4631eb3aef24e3e92be9dea9d-200x300.jpg 200w, https:\/\/best-coffee-shop-munich.de\/wp-content\/uploads\/2026\/01\/854b2487c9102be4631eb3aef24e3e92be9dea9d-683x1024.jpg 683w, https:\/\/best-coffee-shop-munich.de\/wp-content\/uploads\/2026\/01\/854b2487c9102be4631eb3aef24e3e92be9dea9d-768x1152.jpg 768w, https:\/\/best-coffee-shop-munich.de\/wp-content\/uploads\/2026\/01\/854b2487c9102be4631eb3aef24e3e92be9dea9d-8x12.jpg 8w\" sizes=\"auto, (max-width: 960px) 100vw, 960px\" \/><\/figure>\n<\/div>\n<\/div>\n<\/div>\n\n\n\n<div class=\"wp-block-group alignfull is-style-ext-preset--group--natural-1--section has-background-background-color has-background has-global-padding is-layout-constrained wp-container-core-group-is-layout-ffba7dca wp-block-group-is-layout-constrained\" id=\"referenzen\" style=\"margin-top:0;margin-bottom:0;padding-top:var(--wp--preset--spacing--60);padding-bottom:var(--wp--preset--spacing--60)\">\n<div class=\"wp-block-group alignwide is-style-ext-preset--group--natural-1--item-card-1--align-start has-global-padding is-layout-constrained wp-block-group-is-layout-constrained is-style-ext-preset--group--natural-1--item-card-1--align-start--20\">\n<h2 class=\"wp-block-heading\">Adress Daily Coffee<\/h2>\n\n\n\n<p>Schwanthalerstrasse 45<\/p>\n\n\n\n<p>80336 M\u00fcnchen <\/p>\n<\/div>\n<\/div>\n\n\n\n<div class=\"wp-block-group alignfull is-style-ext-preset--group--natural-1--section has-tertiary-background-color has-background has-global-padding is-layout-constrained wp-block-group-is-layout-constrained\" id=\"kontakt\" style=\"margin-top:0;margin-bottom:0;padding-top:var(--wp--preset--spacing--70);padding-bottom:var(--wp--preset--spacing--70)\"><\/div>","protected":false},"excerpt":{"rendered":"<p>Vielf\u00e4ltige Kaffeekreationen, die begeistern Daily Coffee steht f\u00fcr erstklassigen Genuss und eine warme Atmosph\u00e4re am M\u00fcnchner Hauptbahnhof. Unser Ziel ist es, jeden Besuch zu einem besonderen Erlebnis zu machen. Genie\u00dfen Sie t\u00e4glich besten Kaffee am Hauptbahnhof Erleben Sie k\u00f6stliche Kaffeevarianten und eine warme, einladende Atmosph\u00e4re Vielf\u00e4ltige Kaffeespezialit\u00e4ten Unsere Kaffeesorten werden frisch und mit Liebe zubereitet [&hellip;]<\/p>\n","protected":false},"author":1,"featured_media":0,"parent":0,"menu_order":0,"comment_status":"closed","ping_status":"closed","template":"no-title","meta":{"footnotes":""},"class_list":["post-19","page","type-page","status-publish","hentry"],"aioseo_notices":[],"_links":{"self":[{"href":"https:\/\/best-coffee-shop-munich.de\/en\/wp-json\/wp\/v2\/pages\/19","targetHints":{"allow":["GET"]}}],"collection":[{"href":"https:\/\/best-coffee-shop-munich.de\/en\/wp-json\/wp\/v2\/pages"}],"about":[{"href":"https:\/\/best-coffee-shop-munich.de\/en\/wp-json\/wp\/v2\/types\/page"}],"author":[{"embeddable":true,"href":"https:\/\/best-coffee-shop-munich.de\/en\/wp-json\/wp\/v2\/users\/1"}],"replies":[{"embeddable":true,"href":"https:\/\/best-coffee-shop-munich.de\/en\/wp-json\/wp\/v2\/comments?post=19"}],"version-history":[{"count":3,"href":"https:\/\/best-coffee-shop-munich.de\/en\/wp-json\/wp\/v2\/pages\/19\/revisions"}],"predecessor-version":[{"id":68,"href":"https:\/\/best-coffee-shop-munich.de\/en\/wp-json\/wp\/v2\/pages\/19\/revisions\/68"}],"wp:attachment":[{"href":"https:\/\/best-coffee-shop-munich.de\/en\/wp-json\/wp\/v2\/media?parent=19"}],"curies":[{"name":"wp","href":"https:\/\/api.w.org\/{rel}","templated":true}]}}